{"id":3872,"date":"2024-06-07T09:51:51","date_gmt":"2024-06-07T07:51:51","guid":{"rendered":"https:\/\/dancar-sr.eu\/?page_id=3872"},"modified":"2024-06-18T09:37:08","modified_gmt":"2024-06-18T07:37:08","slug":"blog","status":"publish","type":"page","link":"https:\/\/dancar-sr.eu\/ca\/blog\/","title":{"rendered":"Blog"},"content":{"rendered":"<style>.kb-row-layout-id3872_54b078-6c > .kt-row-column-wrap{align-content:start;}:where(.kb-row-layout-id3872_54b078-6c > .kt-row-column-wrap) > .wp-block-kadence-column{justify-content:start;}.kb-row-layout-id3872_54b078-6c > .kt-row-column-wrap{column-gap:var(--global-kb-gap-md, 2rem);row-gap:var(--global-kb-gap-md, 2rem);max-width:500px;margin-left:auto;margin-right:auto;padding-top:110px;padding-bottom:113px;grid-template-columns:minmax(0, 1fr);}.kb-row-layout-id3872_54b078-6c > .kt-row-layout-overlay{opacity:0.30;background-image:url('https:\/\/dancar-sr.eu\/wp-content\/uploads\/2024\/06\/6.png');background-size:cover;background-position:47% 63%;background-attachment:scroll;background-repeat:no-repeat;}@media all and (max-width: 1024px){.kb-row-layout-id3872_54b078-6c > .kt-row-column-wrap{grid-template-columns:minmax(0, 1fr);}}@media all and (max-width: 767px){.kb-row-layout-id3872_54b078-6c > .kt-row-column-wrap{grid-template-columns:minmax(0, 1fr);}}<\/style><div class=\"kb-row-layout-wrap kb-row-layout-id3872_54b078-6c alignnone has-theme-palette4-background-color kt-row-has-bg wp-block-kadence-rowlayout\"><div class=\"kt-row-layout-overlay kt-row-overlay-normal\"><\/div><div class=\"kt-row-column-wrap kt-has-1-columns kt-row-layout-equal kt-tab-layout-inherit kt-mobile-layout-row kt-row-valign-top\">\n<style>.kadence-column3872_417f4c-36 > .kt-inside-inner-col,.kadence-column3872_417f4c-36 > .kt-inside-inner-col:before{border-top-left-radius:0px;border-top-right-radius:0px;border-bottom-right-radius:0px;border-bottom-left-radius:0px;}.kadence-column3872_417f4c-36 > .kt-inside-inner-col{column-gap:var(--global-kb-gap-sm, 1rem);}.kadence-column3872_417f4c-36 > .kt-inside-inner-col{flex-direction:column;}.kadence-column3872_417f4c-36 > .kt-inside-inner-col > .aligncenter{width:100%;}.kadence-column3872_417f4c-36 > .kt-inside-inner-col:before{opacity:0.3;}.kadence-column3872_417f4c-36{position:relative;}@media all and (max-width: 1024px){.kadence-column3872_417f4c-36 > .kt-inside-inner-col{flex-direction:column;justify-content:center;}}@media all and (max-width: 767px){.kadence-column3872_417f4c-36 > .kt-inside-inner-col{flex-direction:column;justify-content:center;}}<\/style>\n<div class=\"wp-block-kadence-column kadence-column3872_417f4c-36 inner-column-1\"><div class=\"kt-inside-inner-col\"><style>.wp-block-kadence-advancedheading.kt-adv-heading3872_bc9cfa-56, .wp-block-kadence-advancedheading.kt-adv-heading3872_bc9cfa-56[data-kb-block=\"kb-adv-heading3872_bc9cfa-56\"]{padding-bottom:0px;text-align:center;font-style:normal;text-transform:capitalize;}.wp-block-kadence-advancedheading.kt-adv-heading3872_bc9cfa-56 mark.kt-highlight, .wp-block-kadence-advancedheading.kt-adv-heading3872_bc9cfa-56[data-kb-block=\"kb-adv-heading3872_bc9cfa-56\"] mark.kt-highlight{font-style:normal;color:#f76a0c;-webkit-box-decoration-break:clone;box-decoration-break:clone;padding-top:0px;padding-right:0px;padding-bottom:0px;padding-left:0px;}.wp-block-kadence-advancedheading.kt-adv-heading3872_bc9cfa-56 img.kb-inline-image, .wp-block-kadence-advancedheading.kt-adv-heading3872_bc9cfa-56[data-kb-block=\"kb-adv-heading3872_bc9cfa-56\"] img.kb-inline-image{width:150px;vertical-align:baseline;}@media all and (max-width: 767px){.wp-block-kadence-advancedheading.kt-adv-heading3872_bc9cfa-56, .wp-block-kadence-advancedheading.kt-adv-heading3872_bc9cfa-56[data-kb-block=\"kb-adv-heading3872_bc9cfa-56\"]{font-size:var(--global-kb-font-size-xl, 3rem);}}<\/style>\n<h1 class=\"kt-adv-heading3872_bc9cfa-56 wp-block-kadence-advancedheading has-theme-palette-9-color has-text-color\" data-kb-block=\"kb-adv-heading3872_bc9cfa-56\">Blog<\/h1>\n<\/div><\/div>\n\n<\/div><\/div>\n\n<style>.kb-row-layout-wrap.wp-block-kadence-rowlayout.kb-row-layout-id3872_2047a7-75{margin-top:70px;}.kb-row-layout-id3872_2047a7-75 > .kt-row-column-wrap{align-content:start;}:where(.kb-row-layout-id3872_2047a7-75 > .kt-row-column-wrap) > .wp-block-kadence-column{justify-content:start;}.kb-row-layout-id3872_2047a7-75 > .kt-row-column-wrap{column-gap:var(--global-kb-gap-md, 2rem);row-gap:var(--global-kb-gap-md, 2rem);max-width:var( --global-content-width, 1290px );padding-left:var(--global-content-edge-padding);padding-right:var(--global-content-edge-padding);padding-top:24px;padding-bottom:24px;grid-template-columns:minmax(0, 1fr);}.kb-row-layout-id3872_2047a7-75 > .kt-row-layout-overlay{opacity:0.30;}@media all and (max-width: 1024px){.kb-row-layout-id3872_2047a7-75 > .kt-row-column-wrap{grid-template-columns:minmax(0, 1fr);}}@media all and (max-width: 767px){.kb-row-layout-id3872_2047a7-75 > .kt-row-column-wrap{grid-template-columns:minmax(0, 1fr);}}<\/style><div class=\"kb-row-layout-wrap kb-row-layout-id3872_2047a7-75 alignnone wp-block-kadence-rowlayout\"><div class=\"kt-row-column-wrap kt-has-1-columns kt-row-layout-equal kt-tab-layout-inherit kt-mobile-layout-row kt-row-valign-top kb-theme-content-width\">\n<style>.kadence-column3872_db5461-16 > .kt-inside-inner-col,.kadence-column3872_db5461-16 > .kt-inside-inner-col:before{border-top-left-radius:0px;border-top-right-radius:0px;border-bottom-right-radius:0px;border-bottom-left-radius:0px;}.kadence-column3872_db5461-16 > .kt-inside-inner-col{column-gap:var(--global-kb-gap-sm, 1rem);}.kadence-column3872_db5461-16 > .kt-inside-inner-col{flex-direction:column;}.kadence-column3872_db5461-16 > .kt-inside-inner-col > .aligncenter{width:100%;}.kadence-column3872_db5461-16 > .kt-inside-inner-col:before{opacity:0.3;}.kadence-column3872_db5461-16{position:relative;}@media all and (max-width: 1024px){.kadence-column3872_db5461-16 > .kt-inside-inner-col{flex-direction:column;justify-content:center;}}@media all and (max-width: 767px){.kadence-column3872_db5461-16 > .kt-inside-inner-col{flex-direction:column;justify-content:center;}}<\/style>\n<div class=\"wp-block-kadence-column kadence-column3872_db5461-16\"><div class=\"kt-inside-inner-col\"><style>.kb-posts-id-3872_535930-ae .kb-post-list-item{display:grid;}<\/style><ul class=\"wp-block-kadence-posts kb-posts kadence-posts-list kb-posts-id-3872_535930-ae content-wrap grid-cols kb-posts-style-boxed grid-sm-col-2 grid-lg-col-3 item-image-style-above\"><li class=\"kb-post-list-item\">\n\t<article class=\"entry content-bg loop-entry post-754 post type-post status-publish format-standard has-post-thumbnail hentry\">\n\t\t\t\t<a aria-hidden=\"true\" tabindex=\"-1\" role=\"presentation\" class=\"post-thumbnail kadence-thumbnail-ratio-2-3\" href=\"https:\/\/dancar-sr.eu\/ca\/7-2\/\" aria-label=\"\u00a1Estrenamos Nueva Web en DANCAR!\">\n\t\t\t<div class=\"post-thumbnail-inner\">\n\t\t\t\t<img loading=\"lazy\" decoding=\"async\" width=\"768\" height=\"768\" src=\"https:\/\/dancar-sr.eu\/wp-content\/uploads\/2024\/06\/logo-kong-dancar-1-768x768.jpeg\" class=\"attachment-medium_large size-medium_large wp-post-image\" alt=\"\u00a1Estrenamos Nueva Web en DANCAR!\" srcset=\"https:\/\/dancar-sr.eu\/wp-content\/uploads\/2024\/06\/logo-kong-dancar-1-768x768.jpeg 768w, https:\/\/dancar-sr.eu\/wp-content\/uploads\/2024\/06\/logo-kong-dancar-1-300x300.jpeg 300w, https:\/\/dancar-sr.eu\/wp-content\/uploads\/2024\/06\/logo-kong-dancar-1-150x150.jpeg 150w, https:\/\/dancar-sr.eu\/wp-content\/uploads\/2024\/06\/logo-kong-dancar-1-600x600.jpeg 600w, https:\/\/dancar-sr.eu\/wp-content\/uploads\/2024\/06\/logo-kong-dancar-1-100x100.jpeg 100w, https:\/\/dancar-sr.eu\/wp-content\/uploads\/2024\/06\/logo-kong-dancar-1.jpeg 1024w\" sizes=\"auto, (max-width: 768px) 100vw, 768px\" \/>\t\t\t<\/div>\n\t\t<\/a><!-- .post-thumbnail -->\n\t\t\t\t<div class=\"entry-content-wrap\">\n\t\t\t<header class=\"entry-header\">\n\t<h2 class=\"entry-title\"><a href=\"https:\/\/dancar-sr.eu\/ca\/7-2\/\" rel=\"bookmark\">\u00a1Estrenamos Nueva Web en DANCAR!<\/a><\/h2><\/header><!-- .entry-header -->\n\t<div class=\"entry-summary\">\n\t\t<p>\u00a1Estamos emocionados de anunciar el lanzamiento de nuestra nueva p\u00e1gina web en DANCAR! Este hito&#8230;<\/p>\n\t<\/div><!-- .entry-summary -->\n\t<footer class=\"entry-footer\">\n\t\t\t<div class=\"entry-actions\">\n\t\t\t<p class=\"more-link-wrap\">\n\t\t\t\t<a href=\"https:\/\/dancar-sr.eu\/ca\/7-2\/\" class=\"post-more-link\">\n\t\t\t\t\tRead More<span class=\"screen-reader-text\"> \u00a1Estrenamos Nueva Web en DANCAR!<\/span><span class=\"kadence-svg-iconset svg-baseline\"><svg aria-hidden=\"true\" class=\"kadence-svg-icon kadence-arrow-right-alt-svg\" fill=\"currentColor\" version=\"1.1\" xmlns=\"http:\/\/www.w3.org\/2000\/svg\" width=\"27\" height=\"28\" viewBox=\"0 0 27 28\"><title>Continue<\/title><path d=\"M27 13.953c0 0.141-0.063 0.281-0.156 0.375l-6 5.531c-0.156 0.141-0.359 0.172-0.547 0.094-0.172-0.078-0.297-0.25-0.297-0.453v-3.5h-19.5c-0.281 0-0.5-0.219-0.5-0.5v-3c0-0.281 0.219-0.5 0.5-0.5h19.5v-3.5c0-0.203 0.109-0.375 0.297-0.453s0.391-0.047 0.547 0.078l6 5.469c0.094 0.094 0.156 0.219 0.156 0.359v0z\"><\/path>\n\t\t\t<\/svg><\/span>\t\t\t\t<\/a>\n\t\t\t<\/p>\n\t\t<\/div><!-- .entry-actions -->\n\t\t<\/footer><!-- .entry-footer -->\t\t<\/div>\n\t<\/article>\n<\/li>\n<\/ul><\/div><\/div>\n\n<\/div><\/div>\n\n<style>.kb-row-layout-id3872_d78e24-93 > .kt-row-column-wrap{align-content:start;}:where(.kb-row-layout-id3872_d78e24-93 > .kt-row-column-wrap) > .wp-block-kadence-column{justify-content:start;}.kb-row-layout-id3872_d78e24-93 > .kt-row-column-wrap{column-gap:var(--global-kb-gap-md, 2rem);row-gap:var(--global-kb-gap-md, 2rem);max-width:var( --global-content-width, 1290px );padding-left:var(--global-content-edge-padding);padding-right:var(--global-content-edge-padding);padding-top:200px;padding-bottom:200px;grid-template-columns:minmax(0, 1fr);}.kb-row-layout-id3872_d78e24-93 > .kt-row-layout-overlay{opacity:0.32;background-image:url('https:\/\/dancar-sr.eu\/wp-content\/uploads\/2024\/06\/3.png');background-size:cover;background-position:center center;background-attachment:scroll;background-repeat:no-repeat;}@media all and (max-width: 1024px){.kb-row-layout-id3872_d78e24-93 > .kt-row-column-wrap{grid-template-columns:minmax(0, 1fr);}}@media all and (max-width: 767px){.kb-row-layout-id3872_d78e24-93 > .kt-row-column-wrap{grid-template-columns:minmax(0, 1fr);}}<\/style><div class=\"kb-row-layout-wrap kb-row-layout-id3872_d78e24-93 alignnone has-theme-palette3-background-color kt-row-has-bg wp-block-kadence-rowlayout\"><div class=\"kt-row-layout-overlay kt-row-overlay-normal\"><\/div><div class=\"kt-row-column-wrap kt-has-1-columns kt-row-layout-equal kt-tab-layout-inherit kt-mobile-layout-row kt-row-valign-top kb-theme-content-width\">\n<style>.kadence-column3872_a41b01-51 > .kt-inside-inner-col,.kadence-column3872_a41b01-51 > .kt-inside-inner-col:before{border-top-left-radius:0px;border-top-right-radius:0px;border-bottom-right-radius:0px;border-bottom-left-radius:0px;}.kadence-column3872_a41b01-51 > .kt-inside-inner-col{column-gap:var(--global-kb-gap-sm, 1rem);}.kadence-column3872_a41b01-51 > .kt-inside-inner-col{flex-direction:column;}.kadence-column3872_a41b01-51 > .kt-inside-inner-col > .aligncenter{width:100%;}.kadence-column3872_a41b01-51 > .kt-inside-inner-col:before{opacity:0.3;}.kadence-column3872_a41b01-51{position:relative;}.kadence-column3872_a41b01-51, .kt-inside-inner-col > .kadence-column3872_a41b01-51:not(.specificity){margin-right:50px;margin-left:50px;}@media all and (max-width: 1024px){.kadence-column3872_a41b01-51 > .kt-inside-inner-col{flex-direction:column;justify-content:center;}}@media all and (max-width: 767px){.kadence-column3872_a41b01-51 > .kt-inside-inner-col{flex-direction:column;justify-content:center;}}<\/style>\n<div class=\"wp-block-kadence-column kadence-column3872_a41b01-51\"><div class=\"kt-inside-inner-col\"><style>.kb-row-layout-id3872_5f256f-02 > .kt-row-column-wrap{align-content:start;}:where(.kb-row-layout-id3872_5f256f-02 > .kt-row-column-wrap) > .wp-block-kadence-column{justify-content:start;}.kb-row-layout-id3872_5f256f-02 > .kt-row-column-wrap{column-gap:var(--global-kb-gap-md, 2rem);row-gap:var(--global-kb-gap-md, 2rem);max-width:var( --global-content-width, 1290px );padding-left:var(--global-content-edge-padding);padding-right:var(--global-content-edge-padding);padding-top:var(--global-kb-spacing-xl, 4rem);padding-bottom:var(--global-kb-spacing-xl, 4rem);grid-template-columns:minmax(0, 1fr);}.kb-row-layout-id3872_5f256f-02{background-color:#fff8f8;}.kb-row-layout-id3872_5f256f-02 > .kt-row-layout-overlay{opacity:0.30;}@media all and (max-width: 1024px){.kb-row-layout-id3872_5f256f-02 > .kt-row-column-wrap{grid-template-columns:minmax(0, 1fr);}}@media all and (max-width: 767px){.kb-row-layout-id3872_5f256f-02 > .kt-row-column-wrap{grid-template-columns:minmax(0, 1fr);}}<\/style><div class=\"kb-row-layout-wrap kb-row-layout-id3872_5f256f-02 alignnone kt-row-has-bg wp-block-kadence-rowlayout\"><div class=\"kt-row-column-wrap kt-has-1-columns kt-row-layout-equal kt-tab-layout-inherit kt-mobile-layout-row kt-row-valign-top kb-theme-content-width\">\n<style>.kadence-column3872_944895-64 > .kt-inside-inner-col{display:flex;}.kadence-column3872_944895-64 > .kt-inside-inner-col,.kadence-column3872_944895-64 > .kt-inside-inner-col:before{border-top-left-radius:0px;border-top-right-radius:0px;border-bottom-right-radius:0px;border-bottom-left-radius:0px;}.kadence-column3872_944895-64 > .kt-inside-inner-col{column-gap:var(--global-kb-gap-sm, 1rem);}.kadence-column3872_944895-64 > .kt-inside-inner-col{flex-direction:column;justify-content:center;}.kadence-column3872_944895-64 > .kt-inside-inner-col > .aligncenter{width:100%;}.kt-row-column-wrap > .kadence-column3872_944895-64{align-self:center;}.kt-inner-column-height-full:not(.kt-has-1-columns) > .wp-block-kadence-column.kadence-column3872_944895-64{align-self:auto;}.kt-inner-column-height-full:not(.kt-has-1-columns) > .wp-block-kadence-column.kadence-column3872_944895-64 > .kt-inside-inner-col{flex-direction:column;justify-content:center;}.kadence-column3872_944895-64 > .kt-inside-inner-col:before{opacity:0.3;}.kadence-column3872_944895-64{position:relative;}@media all and (max-width: 1024px){.kt-row-column-wrap > .kadence-column3872_944895-64{align-self:center;}}@media all and (max-width: 1024px){.kt-inner-column-height-full:not(.kt-has-1-columns) > .wp-block-kadence-column.kadence-column3872_944895-64{align-self:auto;}}@media all and (max-width: 1024px){.kt-inner-column-height-full:not(.kt-has-1-columns) > .wp-block-kadence-column.kadence-column3872_944895-64 > .kt-inside-inner-col{flex-direction:column;justify-content:center;}}@media all and (max-width: 1024px){.kadence-column3872_944895-64 > .kt-inside-inner-col{flex-direction:column;justify-content:center;}}@media all and (max-width: 767px){.kt-row-column-wrap > .kadence-column3872_944895-64{align-self:center;}.kt-inner-column-height-full:not(.kt-has-1-columns) > .wp-block-kadence-column.kadence-column3872_944895-64{align-self:auto;}.kt-inner-column-height-full:not(.kt-has-1-columns) > .wp-block-kadence-column.kadence-column3872_944895-64 > .kt-inside-inner-col{flex-direction:column;justify-content:center;}.kadence-column3872_944895-64 > .kt-inside-inner-col{flex-direction:column;justify-content:center;}}<\/style>\n<div class=\"wp-block-kadence-column kadence-column3872_944895-64\"><div class=\"kt-inside-inner-col\"><style>.wp-block-kadence-advancedheading.kt-adv-heading3872_a132cd-53, .wp-block-kadence-advancedheading.kt-adv-heading3872_a132cd-53[data-kb-block=\"kb-adv-heading3872_a132cd-53\"]{text-align:center;font-style:normal;}.wp-block-kadence-advancedheading.kt-adv-heading3872_a132cd-53 mark.kt-highlight, .wp-block-kadence-advancedheading.kt-adv-heading3872_a132cd-53[data-kb-block=\"kb-adv-heading3872_a132cd-53\"] mark.kt-highlight{font-style:normal;color:#f76a0c;-webkit-box-decoration-break:clone;box-decoration-break:clone;padding-top:0px;padding-right:0px;padding-bottom:0px;padding-left:0px;}.wp-block-kadence-advancedheading.kt-adv-heading3872_a132cd-53 img.kb-inline-image, .wp-block-kadence-advancedheading.kt-adv-heading3872_a132cd-53[data-kb-block=\"kb-adv-heading3872_a132cd-53\"] img.kb-inline-image{width:150px;vertical-align:baseline;}<\/style>\n<h3 class=\"kt-adv-heading3872_a132cd-53 wp-block-kadence-advancedheading\" data-kb-block=\"kb-adv-heading3872_a132cd-53\">\u00bfAlguna duda? \u00a1Cont\u00e1ctanos!<\/h3>\n\n\n<style>.wp-block-kadence-advancedheading.kt-adv-heading3872_5288d5-4e, .wp-block-kadence-advancedheading.kt-adv-heading3872_5288d5-4e[data-kb-block=\"kb-adv-heading3872_5288d5-4e\"]{margin-bottom:0px;text-align:center;font-style:normal;}.wp-block-kadence-advancedheading.kt-adv-heading3872_5288d5-4e mark.kt-highlight, .wp-block-kadence-advancedheading.kt-adv-heading3872_5288d5-4e[data-kb-block=\"kb-adv-heading3872_5288d5-4e\"] mark.kt-highlight{font-style:normal;color:#f76a0c;-webkit-box-decoration-break:clone;box-decoration-break:clone;padding-top:0px;padding-right:0px;padding-bottom:0px;padding-left:0px;}.wp-block-kadence-advancedheading.kt-adv-heading3872_5288d5-4e img.kb-inline-image, .wp-block-kadence-advancedheading.kt-adv-heading3872_5288d5-4e[data-kb-block=\"kb-adv-heading3872_5288d5-4e\"] img.kb-inline-image{width:150px;vertical-align:baseline;}<\/style>\n<p class=\"kt-adv-heading3872_5288d5-4e wp-block-kadence-advancedheading\" data-kb-block=\"kb-adv-heading3872_5288d5-4e\">\u00bfTienes alguna pregunta o comentario? \u00a1Estamos aqu\u00ed para ayudarte! Ponte en contacto con nosotros a trav\u00e9s de nuestro formulario en l\u00ednea o ll\u00e1manos directamente. \u00a1Esperamos poder asistirte en cada paso de tu viaje deportivo!<\/p>\n\n\n\n<div style=\"height:39px\" aria-hidden=\"true\" class=\"wp-block-spacer\"><\/div>\n\n\n<style>.wp-block-kadence-advancedbtn.kb-btns3872_032524-34{gap:var(--global-kb-gap-xs, 0.5rem );justify-content:center;align-items:center;}.kt-btns3872_032524-34 .kt-button{font-weight:normal;font-style:normal;}.kt-btns3872_032524-34 .kt-btn-wrap-0{margin-right:5px;}.wp-block-kadence-advancedbtn.kt-btns3872_032524-34 .kt-btn-wrap-0 .kt-button{color:#555555;border-color:#555555;}.wp-block-kadence-advancedbtn.kt-btns3872_032524-34 .kt-btn-wrap-0 .kt-button:hover, .wp-block-kadence-advancedbtn.kt-btns3872_032524-34 .kt-btn-wrap-0 .kt-button:focus{color:#ffffff;border-color:#444444;}.wp-block-kadence-advancedbtn.kt-btns3872_032524-34 .kt-btn-wrap-0 .kt-button::before{display:none;}.wp-block-kadence-advancedbtn.kt-btns3872_032524-34 .kt-btn-wrap-0 .kt-button:hover, .wp-block-kadence-advancedbtn.kt-btns3872_032524-34 .kt-btn-wrap-0 .kt-button:focus{background:#444444;}<\/style>\n<div class=\"wp-block-kadence-advancedbtn kb-buttons-wrap kb-btns3872_032524-34\"><style>ul.menu .wp-block-kadence-advancedbtn .kb-btn3872_6039a3-44.kb-button{width:initial;}.wp-block-kadence-advancedbtn .kb-btn3872_6039a3-44.kb-button{padding-right:30px;padding-left:30px;}<\/style><a class=\"kb-button kt-button button kb-btn3872_6039a3-44 kt-btn-size-standard kt-btn-width-type-auto kb-btn-global-inherit  kt-btn-has-text-true kt-btn-has-svg-false  wp-block-button__link wp-block-kadence-singlebtn\" href=\"\/contacta\/\"><span class=\"kt-btn-inner-text\">Contacta<\/span><\/a><\/div>\n<\/div><\/div>\n\n<\/div><\/div><\/div><\/div>\n\n<\/div><\/div>","protected":false},"excerpt":{"rendered":"<p>Blog Algun dubte? Contacta&#039;ns! Tens alguna pregunta o comentari? Som aqu\u00ed per ajudar-te! Posa&#039;t en contacte amb nosaltres a trav\u00e9s del nostre formulari en l\u00ednia o truca&#039;ns directament. Esperem poder assistir-te a cada pas del teu viatge esportiu!<\/p>","protected":false},"author":3,"featured_media":0,"parent":0,"menu_order":5,"comment_status":"closed","ping_status":"closed","template":"","meta":{"_kad_blocks_custom_css":"","_kad_blocks_head_custom_js":"","_kad_blocks_body_custom_js":"","_kad_blocks_footer_custom_js":"","_kadence_starter_templates_imported_post":true,"_kad_post_transparent":"","_kad_post_title":"hide","_kad_post_layout":"fullwidth","_kad_post_sidebar_id":"","_kad_post_content_style":"unboxed","_kad_post_vertical_padding":"hide","_kad_post_feature":"hide","_kad_post_feature_position":"","_kad_post_header":false,"_kad_post_footer":false,"_kad_post_classname":"","_joinchat":[],"footnotes":""},"class_list":["post-3872","page","type-page","status-publish","hentry"],"yoast_head":"<!-- This site is optimized with the Yoast SEO plugin v27.4 - https:\/\/yoast.com\/product\/yoast-seo-wordpress\/ -->\n<title>Blog - Dancar<\/title>\n<meta name=\"robots\" content=\"index, follow, max-snippet:-1, max-image-preview:large, max-video-preview:-1\" \/>\n<link rel=\"canonical\" href=\"https:\/\/dancar-sr.eu\/ca\/blog\/\" \/>\n<meta property=\"og:locale\" content=\"ca_ES\" \/>\n<meta property=\"og:type\" content=\"article\" \/>\n<meta property=\"og:title\" content=\"Blog - Dancar\" \/>\n<meta property=\"og:description\" content=\"Blog \u00bfAlguna duda? \u00a1Cont\u00e1ctanos! \u00bfTienes alguna pregunta o comentario? \u00a1Estamos aqu\u00ed para ayudarte! Ponte en contacto con nosotros a trav\u00e9s de nuestro formulario en l\u00ednea o ll\u00e1manos directamente. \u00a1Esperamos poder asistirte en cada paso de tu viaje deportivo!\" \/>\n<meta property=\"og:url\" content=\"https:\/\/dancar-sr.eu\/ca\/blog\/\" \/>\n<meta property=\"og:site_name\" content=\"Dancar\" \/>\n<meta property=\"article:modified_time\" content=\"2024-06-18T07:37:08+00:00\" \/>\n<meta name=\"twitter:card\" content=\"summary_large_image\" \/>\n<script type=\"application\/ld+json\" class=\"yoast-schema-graph\">{\"@context\":\"https:\\\/\\\/schema.org\",\"@graph\":[{\"@type\":\"WebPage\",\"@id\":\"https:\\\/\\\/dancar-sr.eu\\\/blog\\\/\",\"url\":\"https:\\\/\\\/dancar-sr.eu\\\/blog\\\/\",\"name\":\"Blog - Dancar\",\"isPartOf\":{\"@id\":\"https:\\\/\\\/dancar-sr.eu\\\/#website\"},\"datePublished\":\"2024-06-07T07:51:51+00:00\",\"dateModified\":\"2024-06-18T07:37:08+00:00\",\"breadcrumb\":{\"@id\":\"https:\\\/\\\/dancar-sr.eu\\\/blog\\\/#breadcrumb\"},\"inLanguage\":\"ca\",\"potentialAction\":[{\"@type\":\"ReadAction\",\"target\":[\"https:\\\/\\\/dancar-sr.eu\\\/blog\\\/\"]}]},{\"@type\":\"BreadcrumbList\",\"@id\":\"https:\\\/\\\/dancar-sr.eu\\\/blog\\\/#breadcrumb\",\"itemListElement\":[{\"@type\":\"ListItem\",\"position\":1,\"name\":\"Portada\",\"item\":\"https:\\\/\\\/dancar-sr.eu\\\/\"},{\"@type\":\"ListItem\",\"position\":2,\"name\":\"Blog\"}]},{\"@type\":\"WebSite\",\"@id\":\"https:\\\/\\\/dancar-sr.eu\\\/#website\",\"url\":\"https:\\\/\\\/dancar-sr.eu\\\/\",\"name\":\"Dancar\",\"description\":\"Agencia de marketing digital\",\"publisher\":{\"@id\":\"https:\\\/\\\/dancar-sr.eu\\\/#organization\"},\"potentialAction\":[{\"@type\":\"SearchAction\",\"target\":{\"@type\":\"EntryPoint\",\"urlTemplate\":\"https:\\\/\\\/dancar-sr.eu\\\/?s={search_term_string}\"},\"query-input\":{\"@type\":\"PropertyValueSpecification\",\"valueRequired\":true,\"valueName\":\"search_term_string\"}}],\"inLanguage\":\"ca\"},{\"@type\":\"Organization\",\"@id\":\"https:\\\/\\\/dancar-sr.eu\\\/#organization\",\"name\":\"Dancar\",\"url\":\"https:\\\/\\\/dancar-sr.eu\\\/\",\"logo\":{\"@type\":\"ImageObject\",\"inLanguage\":\"ca\",\"@id\":\"https:\\\/\\\/dancar-sr.eu\\\/#\\\/schema\\\/logo\\\/image\\\/\",\"url\":\"https:\\\/\\\/dancar-sr.eu\\\/wp-content\\\/uploads\\\/2024\\\/06\\\/logo-rojo.jpg\",\"contentUrl\":\"https:\\\/\\\/dancar-sr.eu\\\/wp-content\\\/uploads\\\/2024\\\/06\\\/logo-rojo.jpg\",\"width\":304,\"height\":73,\"caption\":\"Dancar\"},\"image\":{\"@id\":\"https:\\\/\\\/dancar-sr.eu\\\/#\\\/schema\\\/logo\\\/image\\\/\"}}]}<\/script>\n<!-- \/ Yoast SEO plugin. -->","yoast_head_json":{"title":"Blog - Dancar","robots":{"index":"index","follow":"follow","max-snippet":"max-snippet:-1","max-image-preview":"max-image-preview:large","max-video-preview":"max-video-preview:-1"},"canonical":"https:\/\/dancar-sr.eu\/ca\/blog\/","og_locale":"ca_ES","og_type":"article","og_title":"Blog - Dancar","og_description":"Blog \u00bfAlguna duda? \u00a1Cont\u00e1ctanos! \u00bfTienes alguna pregunta o comentario? \u00a1Estamos aqu\u00ed para ayudarte! Ponte en contacto con nosotros a trav\u00e9s de nuestro formulario en l\u00ednea o ll\u00e1manos directamente. \u00a1Esperamos poder asistirte en cada paso de tu viaje deportivo!","og_url":"https:\/\/dancar-sr.eu\/ca\/blog\/","og_site_name":"Dancar","article_modified_time":"2024-06-18T07:37:08+00:00","twitter_card":"summary_large_image","schema":{"@context":"https:\/\/schema.org","@graph":[{"@type":"WebPage","@id":"https:\/\/dancar-sr.eu\/blog\/","url":"https:\/\/dancar-sr.eu\/blog\/","name":"Blog - Dancar","isPartOf":{"@id":"https:\/\/dancar-sr.eu\/#website"},"datePublished":"2024-06-07T07:51:51+00:00","dateModified":"2024-06-18T07:37:08+00:00","breadcrumb":{"@id":"https:\/\/dancar-sr.eu\/blog\/#breadcrumb"},"inLanguage":"ca","potentialAction":[{"@type":"ReadAction","target":["https:\/\/dancar-sr.eu\/blog\/"]}]},{"@type":"BreadcrumbList","@id":"https:\/\/dancar-sr.eu\/blog\/#breadcrumb","itemListElement":[{"@type":"ListItem","position":1,"name":"Portada","item":"https:\/\/dancar-sr.eu\/"},{"@type":"ListItem","position":2,"name":"Blog"}]},{"@type":"WebSite","@id":"https:\/\/dancar-sr.eu\/#website","url":"https:\/\/dancar-sr.eu\/","name":"Dancar","description":"Ag\u00e8ncia de m\u00e0rqueting digital","publisher":{"@id":"https:\/\/dancar-sr.eu\/#organization"},"potentialAction":[{"@type":"SearchAction","target":{"@type":"EntryPoint","urlTemplate":"https:\/\/dancar-sr.eu\/?s={search_term_string}"},"query-input":{"@type":"PropertyValueSpecification","valueRequired":true,"valueName":"search_term_string"}}],"inLanguage":"ca"},{"@type":"Organization","@id":"https:\/\/dancar-sr.eu\/#organization","name":"Dancar","url":"https:\/\/dancar-sr.eu\/","logo":{"@type":"ImageObject","inLanguage":"ca","@id":"https:\/\/dancar-sr.eu\/#\/schema\/logo\/image\/","url":"https:\/\/dancar-sr.eu\/wp-content\/uploads\/2024\/06\/logo-rojo.jpg","contentUrl":"https:\/\/dancar-sr.eu\/wp-content\/uploads\/2024\/06\/logo-rojo.jpg","width":304,"height":73,"caption":"Dancar"},"image":{"@id":"https:\/\/dancar-sr.eu\/#\/schema\/logo\/image\/"}}]}},"taxonomy_info":[],"featured_image_src_large":false,"author_info":{"display_name":"gerard","author_link":"https:\/\/dancar-sr.eu\/ca\/author\/gerard\/"},"comment_info":0,"_links":{"self":[{"href":"https:\/\/dancar-sr.eu\/ca\/wp-json\/wp\/v2\/pages\/3872","targetHints":{"allow":["GET"]}}],"collection":[{"href":"https:\/\/dancar-sr.eu\/ca\/wp-json\/wp\/v2\/pages"}],"about":[{"href":"https:\/\/dancar-sr.eu\/ca\/wp-json\/wp\/v2\/types\/page"}],"author":[{"embeddable":true,"href":"https:\/\/dancar-sr.eu\/ca\/wp-json\/wp\/v2\/users\/3"}],"replies":[{"embeddable":true,"href":"https:\/\/dancar-sr.eu\/ca\/wp-json\/wp\/v2\/comments?post=3872"}],"version-history":[{"count":10,"href":"https:\/\/dancar-sr.eu\/ca\/wp-json\/wp\/v2\/pages\/3872\/revisions"}],"predecessor-version":[{"id":4158,"href":"https:\/\/dancar-sr.eu\/ca\/wp-json\/wp\/v2\/pages\/3872\/revisions\/4158"}],"wp:attachment":[{"href":"https:\/\/dancar-sr.eu\/ca\/wp-json\/wp\/v2\/media?parent=3872"}],"curies":[{"name":"wp","href":"https:\/\/api.w.org\/{rel}","templated":true}]}}